{"id":6212,"date":"2025-11-26T14:05:04","date_gmt":"2025-11-26T20:05:04","guid":{"rendered":"https:\/\/amid.org.mx\/?page_id=6212"},"modified":"2025-11-26T14:05:08","modified_gmt":"2025-11-26T20:05:08","slug":"foro-de-etica-y-cumplimiento-2025","status":"publish","type":"page","link":"https:\/\/amid.org.mx\/en\/foro-de-etica-y-cumplimiento-2025\/","title":{"rendered":"Foro de \u00c9tica y Cumplimiento 2025"},"content":{"rendered":"<p>[et_pb_section fb_built=\u00bb1&#8243; admin_label=\u00bbBlog\u00bb _builder_version=\u00bb4.19.1&#8243; _module_preset=\u00bbdefault\u00bb collapsed=\u00bboff\u00bb global_colors_info=\u00bb{}\u00bb][et_pb_row _builder_version=\u00bb4.23.1&#8243; _module_preset=\u00bbdefault\u00bb custom_margin=\u00bb50px||||false|false\u00bb global_colors_info=\u00bb{}\u00bb][et_pb_column type=\u00bb4_4&#8243; _builder_version=\u00bb4.19.1&#8243; _module_preset=\u00bbdefault\u00bb global_colors_info=\u00bb{}\u00bb][dsm_gradient_text gradient_text=\u00bbGrabaci\u00f3n del Foro de \u00c9tica y Cumplimiento AMID 2025&#8243; _builder_version=\u00bb4.27.0&#8243; _module_preset=\u00bbdefault\u00bb header_font=\u00bbPoppins|500|||||||\u00bb header_font_size=\u00bb50px\u00bb background_color_gradient_direction=\u00bb270deg\u00bb background_color_gradient_stops=\u00bb#3194ce 40%|#031c85 100%\u00bb saved_tabs=\u00bball\u00bb locked=\u00bboff\u00bb global_colors_info=\u00bb{}\u00bb][\/dsm_gradient_text][et_pb_code _builder_version=\u00bb4.27.0&#8243; _module_preset=\u00bbdefault\u00bb global_colors_info=\u00bb{}\u00bb]<div style=\"position: relative;\"><video id=\"video_69e4f43a41157\" class=\"video-js vjs-fluid\" controls preload=\"auto\"><\/video><\/div>[\/et_pb_code][\/et_pb_column][\/et_pb_row][\/et_pb_section]<\/p>\n","protected":false},"excerpt":{"rendered":"<p><div class=\"et_pb_module dsm_gradient_text dsm_gradient_text_0\">\n\t\t\t\t\n\t\t\t\t\n\t\t\t\t\n\t\t\t\t\n\t\t\t\t\n\t\t\t\t\n\t\t\t\t<div class=\"et_pb_module_inner\">\n\t\t\t\t\t<h1 class=\"dsm-gradient-text et_pb_module_header\">Grabaci\u00f3n del Foro de \u00c9tica y Cumplimiento AMID 2025<\/h1>\n\t\t\t\t<\/div>\n\t\t\t<\/div><div style=\"position: relative;\"><video id=\"video_69e4f43aa0f6c\" class=\"video-js vjs-fluid\" controls preload=\"auto\"><\/video><\/div><\/p>","protected":false},"author":1,"featured_media":0,"parent":0,"menu_order":0,"comment_status":"closed","ping_status":"closed","template":"","meta":{"_acf_changed":false,"_et_pb_use_builder":"on","_et_pb_old_content":"","_et_gb_content_width":"","footnotes":""},"class_list":["post-6212","page","type-page","status-publish","hentry"],"acf":[],"yoast_head":"<!-- This site is optimized with the Yoast SEO plugin v27.4 - https:\/\/yoast.com\/product\/yoast-seo-wordpress\/ -->\n<title>Foro de \u00c9tica y Cumplimiento 2025 - AMID<\/title>\n<meta name=\"robots\" content=\"index, follow, max-snippet:-1, max-image-preview:large, max-video-preview:-1\" \/>\n<link rel=\"canonical\" href=\"https:\/\/amid.org.mx\/en\/foro-de-etica-y-cumplimiento-2025\/\" \/>\n<meta property=\"og:locale\" content=\"en_US\" \/>\n<meta property=\"og:type\" content=\"article\" \/>\n<meta property=\"og:title\" content=\"Foro de \u00c9tica y Cumplimiento 2025 - AMID\" \/>\n<meta property=\"og:url\" content=\"https:\/\/amid.org.mx\/en\/foro-de-etica-y-cumplimiento-2025\/\" \/>\n<meta property=\"og:site_name\" content=\"AMID\" \/>\n<meta property=\"article:modified_time\" content=\"2025-11-26T20:05:08+00:00\" \/>\n<meta name=\"twitter:card\" content=\"summary_large_image\" \/>\n<meta name=\"twitter:description\" content=\"[dsm_gradient_text gradient_text=&quot;Grabaci\u00f3n del Foro de \u00c9tica y Cumplimiento AMID 2025&quot; _builder_version=&quot;4.27.0&quot; _module_preset=&quot;default&quot; header_font=&quot;Poppins|500|||||||&quot; header_font_size=&quot;50px&quot; background_color_gradient_direction=&quot;270deg&quot; background_color_gradient_stops=&quot;#3194ce 40%|#031c85 100%&quot; saved_tabs=&quot;all&quot; locked=&quot;off&quot; global_colors_info=&quot;{}&quot;][\/dsm_gradient_text][hls_player url=&quot;https:\/\/amid.org.mx\/media\/20251111_saber_y_cumplir\/master.m3u8&quot;]\" \/>\n<meta name=\"twitter:label1\" content=\"Est. reading time\" \/>\n\t<meta name=\"twitter:data1\" content=\"1 minute\" \/>\n<script type=\"application\/ld+json\" class=\"yoast-schema-graph\">{\"@context\":\"https:\\\/\\\/schema.org\",\"@graph\":[{\"@type\":\"WebPage\",\"@id\":\"https:\\\/\\\/amid.org.mx\\\/foro-de-etica-y-cumplimiento-2025\\\/\",\"url\":\"https:\\\/\\\/amid.org.mx\\\/foro-de-etica-y-cumplimiento-2025\\\/\",\"name\":\"Foro de \u00c9tica y Cumplimiento 2025 - AMID\",\"isPartOf\":{\"@id\":\"https:\\\/\\\/amid.org.mx\\\/#website\"},\"datePublished\":\"2025-11-26T20:05:04+00:00\",\"dateModified\":\"2025-11-26T20:05:08+00:00\",\"breadcrumb\":{\"@id\":\"https:\\\/\\\/amid.org.mx\\\/foro-de-etica-y-cumplimiento-2025\\\/#breadcrumb\"},\"inLanguage\":\"en-US\",\"potentialAction\":[{\"@type\":\"ReadAction\",\"target\":[\"https:\\\/\\\/amid.org.mx\\\/foro-de-etica-y-cumplimiento-2025\\\/\"]}]},{\"@type\":\"BreadcrumbList\",\"@id\":\"https:\\\/\\\/amid.org.mx\\\/foro-de-etica-y-cumplimiento-2025\\\/#breadcrumb\",\"itemListElement\":[{\"@type\":\"ListItem\",\"position\":1,\"name\":\"Portada\",\"item\":\"https:\\\/\\\/amid.org.mx\\\/\"},{\"@type\":\"ListItem\",\"position\":2,\"name\":\"Foro de \u00c9tica y Cumplimiento 2025\"}]},{\"@type\":\"WebSite\",\"@id\":\"https:\\\/\\\/amid.org.mx\\\/#website\",\"url\":\"https:\\\/\\\/amid.org.mx\\\/\",\"name\":\"AMID\",\"description\":\"Somos el \u00fanico grupo que representa Dispositivos M\u00e9dicos innovadores con intereses comerciales en M\u00e9xico.\",\"potentialAction\":[{\"@type\":\"SearchAction\",\"target\":{\"@type\":\"EntryPoint\",\"urlTemplate\":\"https:\\\/\\\/amid.org.mx\\\/?s={search_term_string}\"},\"query-input\":{\"@type\":\"PropertyValueSpecification\",\"valueRequired\":true,\"valueName\":\"search_term_string\"}}],\"inLanguage\":\"en-US\"}]}<\/script>\n<!-- \/ Yoast SEO plugin. -->","yoast_head_json":{"title":"Foro de \u00c9tica y Cumplimiento 2025 - AMID","robots":{"index":"index","follow":"follow","max-snippet":"max-snippet:-1","max-image-preview":"max-image-preview:large","max-video-preview":"max-video-preview:-1"},"canonical":"https:\/\/amid.org.mx\/en\/foro-de-etica-y-cumplimiento-2025\/","og_locale":"en_US","og_type":"article","og_title":"Foro de \u00c9tica y Cumplimiento 2025 - AMID","og_url":"https:\/\/amid.org.mx\/en\/foro-de-etica-y-cumplimiento-2025\/","og_site_name":"AMID","article_modified_time":"2025-11-26T20:05:08+00:00","twitter_card":"summary_large_image","twitter_description":"[dsm_gradient_text gradient_text=\"Grabaci\u00f3n del Foro de \u00c9tica y Cumplimiento AMID 2025\" _builder_version=\"4.27.0\" _module_preset=\"default\" header_font=\"Poppins|500|||||||\" header_font_size=\"50px\" background_color_gradient_direction=\"270deg\" background_color_gradient_stops=\"#3194ce 40%|#031c85 100%\" saved_tabs=\"all\" locked=\"off\" global_colors_info=\"{}\"][\/dsm_gradient_text][hls_player url=\"https:\/\/amid.org.mx\/media\/20251111_saber_y_cumplir\/master.m3u8\"]","twitter_misc":{"Est. reading time":"1 minute"},"schema":{"@context":"https:\/\/schema.org","@graph":[{"@type":"WebPage","@id":"https:\/\/amid.org.mx\/foro-de-etica-y-cumplimiento-2025\/","url":"https:\/\/amid.org.mx\/foro-de-etica-y-cumplimiento-2025\/","name":"Foro de \u00c9tica y Cumplimiento 2025 - AMID","isPartOf":{"@id":"https:\/\/amid.org.mx\/#website"},"datePublished":"2025-11-26T20:05:04+00:00","dateModified":"2025-11-26T20:05:08+00:00","breadcrumb":{"@id":"https:\/\/amid.org.mx\/foro-de-etica-y-cumplimiento-2025\/#breadcrumb"},"inLanguage":"en-US","potentialAction":[{"@type":"ReadAction","target":["https:\/\/amid.org.mx\/foro-de-etica-y-cumplimiento-2025\/"]}]},{"@type":"BreadcrumbList","@id":"https:\/\/amid.org.mx\/foro-de-etica-y-cumplimiento-2025\/#breadcrumb","itemListElement":[{"@type":"ListItem","position":1,"name":"Portada","item":"https:\/\/amid.org.mx\/"},{"@type":"ListItem","position":2,"name":"Foro de \u00c9tica y Cumplimiento 2025"}]},{"@type":"WebSite","@id":"https:\/\/amid.org.mx\/#website","url":"https:\/\/amid.org.mx\/","name":"AMID","description":"Somos el \u00fanico grupo que representa Dispositivos M\u00e9dicos innovadores con intereses comerciales en M\u00e9xico.","potentialAction":[{"@type":"SearchAction","target":{"@type":"EntryPoint","urlTemplate":"https:\/\/amid.org.mx\/?s={search_term_string}"},"query-input":{"@type":"PropertyValueSpecification","valueRequired":true,"valueName":"search_term_string"}}],"inLanguage":"en-US"}]}},"_links":{"self":[{"href":"https:\/\/amid.org.mx\/en\/wp-json\/wp\/v2\/pages\/6212","targetHints":{"allow":["GET"]}}],"collection":[{"href":"https:\/\/amid.org.mx\/en\/wp-json\/wp\/v2\/pages"}],"about":[{"href":"https:\/\/amid.org.mx\/en\/wp-json\/wp\/v2\/types\/page"}],"author":[{"embeddable":true,"href":"https:\/\/amid.org.mx\/en\/wp-json\/wp\/v2\/users\/1"}],"replies":[{"embeddable":true,"href":"https:\/\/amid.org.mx\/en\/wp-json\/wp\/v2\/comments?post=6212"}],"version-history":[{"count":5,"href":"https:\/\/amid.org.mx\/en\/wp-json\/wp\/v2\/pages\/6212\/revisions"}],"predecessor-version":[{"id":6219,"href":"https:\/\/amid.org.mx\/en\/wp-json\/wp\/v2\/pages\/6212\/revisions\/6219"}],"wp:attachment":[{"href":"https:\/\/amid.org.mx\/en\/wp-json\/wp\/v2\/media?parent=6212"}],"curies":[{"name":"wp","href":"https:\/\/api.w.org\/{rel}","templated":true}]}}