{"id":5756,"date":"2024-01-30T14:21:27","date_gmt":"2024-01-30T20:21:27","guid":{"rendered":"https:\/\/amid.org.mx\/?page_id=5756"},"modified":"2024-01-30T14:26:37","modified_gmt":"2024-01-30T20:26:37","slug":"foro-de-etica-y-cumplimiento-2021","status":"publish","type":"page","link":"https:\/\/amid.org.mx\/en\/foro-de-etica-y-cumplimiento-2021\/","title":{"rendered":"Ethics and Compliance Forum 2021"},"content":{"rendered":"<p>[et_pb_section fb_built=\u00bb1&#8243; next_background_color=\u00bb#ffffff\u00bb _builder_version=\u00bb4.23.1&#8243; background_color=\u00bb#031C85&#8243; background_enable_image=\u00bboff\u00bb parallax=\u00bbon\u00bb background_blend=\u00bblighten\u00bb custom_padding=\u00bb7vw||7vw||false|false\u00bb bottom_divider_style=\u00bbramp2&#8243; bottom_divider_height=\u00bb10vw\u00bb bottom_divider_flip=\u00bbhorizontal\u00bb global_module=\u00bb5759&#8243; global_colors_info=\u00bb{}\u00bb][et_pb_row _builder_version=\u00bb4.16&#8243; global_colors_info=\u00bb{}\u00bb][et_pb_column type=\u00bb4_4&#8243; _builder_version=\u00bb4.16&#8243; global_colors_info=\u00bb{}\u00bb][et_pb_text _builder_version=\u00bb4.23.1&#8243; _dynamic_attributes=\u00bbcontent\u00bb text_font=\u00bbRoboto||||||||\u00bb text_font_size=\u00bb16px\u00bb text_line_height=\u00bb1.8em\u00bb header_font=\u00bbRoboto|700|||||||\u00bb header_font_size=\u00bb60px\u00bb header_line_height=\u00bb1.2em\u00bb header_3_font=\u00bbRoboto|700||on|||||\u00bb header_3_text_align=\u00bbcenter\u00bb header_3_text_color=\u00bb#ffffff\u00bb header_3_font_size=\u00bb24px\u00bb header_3_letter_spacing=\u00bb10px\u00bb header_3_line_height=\u00bb2em\u00bb text_orientation=\u00bbcenter\u00bb background_layout=\u00bbdark\u00bb text_font_size_last_edited=\u00bboff|desktop\u00bb header_font_size_tablet=\u00bb40px\u00bb header_font_size_phone=\u00bb32px\u00bb header_font_size_last_edited=\u00bbon|desktop\u00bb header_3_font_size_tablet=\u00bb16px\u00bb header_3_font_size_phone=\u00bb14px\u00bb header_3_font_size_last_edited=\u00bbon|phone\u00bb header_3_letter_spacing_tablet=\u00bb5px\u00bb header_3_letter_spacing_phone=\u00bb\u00bb header_3_letter_spacing_last_edited=\u00bbon|tablet\u00bb global_colors_info=\u00bb{}\u00bb]@ET-DC@eyJkeW5hbWljIjp0cnVlLCJjb250ZW50IjoicG9zdF90aXRsZSIsInNldHRpbmdzIjp7ImJlZm9yZSI6IjxoMT4iLCJhZnRlciI6IjwvaDE+In19@[\/et_pb_text][\/et_pb_column][\/et_pb_row][\/et_pb_section][et_pb_section fb_built=\u00bb1&#8243; _builder_version=\u00bb4.24.0&#8243; _module_preset=\u00bbdefault\u00bb hover_enabled=\u00bb0&#8243; global_colors_info=\u00bb{}\u00bb sticky_enabled=\u00bb0&#8243;][et_pb_row _builder_version=\u00bb4.24.0&#8243; _module_preset=\u00bbdefault\u00bb global_colors_info=\u00bb{}\u00bb][et_pb_column type=\u00bb4_4&#8243; _builder_version=\u00bb4.24.0&#8243; _module_preset=\u00bbdefault\u00bb global_colors_info=\u00bb{}\u00bb][et_pb_code _builder_version=\u00bb4.24.0&#8243; _module_preset=\u00bbdefault\u00bb hover_enabled=\u00bb0&#8243; global_colors_info=\u00bb{}\u00bb custom_margin=\u00bb-130px||||false|false\u00bb sticky_enabled=\u00bb0&#8243; border_radii=\u00bbon|15px|15px|15px|15px\u00bb]    <video-js id=\"videojs69e229d30fcef\" class=\"vjs-big-play-centered\" controls preload=\"auto\" playsinline data-setup='{\"fluid\": true}'>\r\n        <source src=\"https:\/\/amid.org.mx\/wp-content\/uploads\/videos\/foro-etica-2021\/amid-foro-de-etica-y-cumplimiento-2021.m3u8\" type=\"application\/x-mpegURL\" \/>\r\n    <\/video-js>\r\n           [\/et_pb_code][\/et_pb_column][\/et_pb_row][\/et_pb_section]<\/p>\n","protected":false},"excerpt":{"rendered":"<video-js id=\"videojs69e229d3637d9\" class=\"vjs-big-play-centered\" controls preload=\"auto\" playsinline data-setup='{\"fluid\": true}'>\r\n        <source src=\"https:\/\/amid.org.mx\/wp-content\/uploads\/videos\/foro-etica-2021\/amid-foro-de-etica-y-cumplimiento-2021.m3u8\" type=\"application\/x-mpegURL\" \/>\r\n    <\/video-js>","protected":false},"author":1,"featured_media":0,"parent":0,"menu_order":0,"comment_status":"closed","ping_status":"closed","template":"","meta":{"_acf_changed":false,"_et_pb_use_builder":"on","_et_pb_old_content":"","_et_gb_content_width":"","footnotes":""},"class_list":["post-5756","page","type-page","status-publish","hentry"],"acf":[],"yoast_head":"<!-- This site is optimized with the Yoast SEO plugin v27.4 - https:\/\/yoast.com\/product\/yoast-seo-wordpress\/ -->\n<title>Foro de \u00c9tica y Cumplimiento 2021 - AMID<\/title>\n<meta name=\"robots\" content=\"index, follow, max-snippet:-1, max-image-preview:large, max-video-preview:-1\" \/>\n<link rel=\"canonical\" href=\"https:\/\/amid.org.mx\/en\/foro-de-etica-y-cumplimiento-2021\/\" \/>\n<meta property=\"og:locale\" content=\"en_US\" \/>\n<meta property=\"og:type\" content=\"article\" \/>\n<meta property=\"og:title\" content=\"Foro de \u00c9tica y Cumplimiento 2021 - AMID\" \/>\n<meta property=\"og:url\" content=\"https:\/\/amid.org.mx\/en\/foro-de-etica-y-cumplimiento-2021\/\" \/>\n<meta property=\"og:site_name\" content=\"AMID\" \/>\n<meta property=\"article:modified_time\" content=\"2024-01-30T20:26:37+00:00\" \/>\n<meta name=\"twitter:card\" content=\"summary_large_image\" \/>\n<meta name=\"twitter:description\" content=\"[videojs_video url=&quot;https:\/\/amid.org.mx\/wp-content\/uploads\/videos\/foro-etica-2021\/amid-foro-de-etica-y-cumplimiento-2021.m3u8&quot;]\" \/>\n<script type=\"application\/ld+json\" class=\"yoast-schema-graph\">{\"@context\":\"https:\\\/\\\/schema.org\",\"@graph\":[{\"@type\":\"WebPage\",\"@id\":\"https:\\\/\\\/amid.org.mx\\\/foro-de-etica-y-cumplimiento-2021\\\/\",\"url\":\"https:\\\/\\\/amid.org.mx\\\/foro-de-etica-y-cumplimiento-2021\\\/\",\"name\":\"Foro de \u00c9tica y Cumplimiento 2021 - AMID\",\"isPartOf\":{\"@id\":\"https:\\\/\\\/amid.org.mx\\\/#website\"},\"datePublished\":\"2024-01-30T20:21:27+00:00\",\"dateModified\":\"2024-01-30T20:26:37+00:00\",\"breadcrumb\":{\"@id\":\"https:\\\/\\\/amid.org.mx\\\/foro-de-etica-y-cumplimiento-2021\\\/#breadcrumb\"},\"inLanguage\":\"en-US\",\"potentialAction\":[{\"@type\":\"ReadAction\",\"target\":[\"https:\\\/\\\/amid.org.mx\\\/foro-de-etica-y-cumplimiento-2021\\\/\"]}]},{\"@type\":\"BreadcrumbList\",\"@id\":\"https:\\\/\\\/amid.org.mx\\\/foro-de-etica-y-cumplimiento-2021\\\/#breadcrumb\",\"itemListElement\":[{\"@type\":\"ListItem\",\"position\":1,\"name\":\"Portada\",\"item\":\"https:\\\/\\\/amid.org.mx\\\/\"},{\"@type\":\"ListItem\",\"position\":2,\"name\":\"Foro de \u00c9tica y Cumplimiento 2021\"}]},{\"@type\":\"WebSite\",\"@id\":\"https:\\\/\\\/amid.org.mx\\\/#website\",\"url\":\"https:\\\/\\\/amid.org.mx\\\/\",\"name\":\"AMID\",\"description\":\"Somos el \u00fanico grupo que representa Dispositivos M\u00e9dicos innovadores con intereses comerciales en M\u00e9xico.\",\"potentialAction\":[{\"@type\":\"SearchAction\",\"target\":{\"@type\":\"EntryPoint\",\"urlTemplate\":\"https:\\\/\\\/amid.org.mx\\\/?s={search_term_string}\"},\"query-input\":{\"@type\":\"PropertyValueSpecification\",\"valueRequired\":true,\"valueName\":\"search_term_string\"}}],\"inLanguage\":\"en-US\"}]}<\/script>\n<!-- \/ Yoast SEO plugin. -->","yoast_head_json":{"title":"Foro de \u00c9tica y Cumplimiento 2021 - AMID","robots":{"index":"index","follow":"follow","max-snippet":"max-snippet:-1","max-image-preview":"max-image-preview:large","max-video-preview":"max-video-preview:-1"},"canonical":"https:\/\/amid.org.mx\/en\/foro-de-etica-y-cumplimiento-2021\/","og_locale":"en_US","og_type":"article","og_title":"Foro de \u00c9tica y Cumplimiento 2021 - AMID","og_url":"https:\/\/amid.org.mx\/en\/foro-de-etica-y-cumplimiento-2021\/","og_site_name":"AMID","article_modified_time":"2024-01-30T20:26:37+00:00","twitter_card":"summary_large_image","twitter_description":"[videojs_video url=\"https:\/\/amid.org.mx\/wp-content\/uploads\/videos\/foro-etica-2021\/amid-foro-de-etica-y-cumplimiento-2021.m3u8\"]","schema":{"@context":"https:\/\/schema.org","@graph":[{"@type":"WebPage","@id":"https:\/\/amid.org.mx\/foro-de-etica-y-cumplimiento-2021\/","url":"https:\/\/amid.org.mx\/foro-de-etica-y-cumplimiento-2021\/","name":"Foro de \u00c9tica y Cumplimiento 2021 - AMID","isPartOf":{"@id":"https:\/\/amid.org.mx\/#website"},"datePublished":"2024-01-30T20:21:27+00:00","dateModified":"2024-01-30T20:26:37+00:00","breadcrumb":{"@id":"https:\/\/amid.org.mx\/foro-de-etica-y-cumplimiento-2021\/#breadcrumb"},"inLanguage":"en-US","potentialAction":[{"@type":"ReadAction","target":["https:\/\/amid.org.mx\/foro-de-etica-y-cumplimiento-2021\/"]}]},{"@type":"BreadcrumbList","@id":"https:\/\/amid.org.mx\/foro-de-etica-y-cumplimiento-2021\/#breadcrumb","itemListElement":[{"@type":"ListItem","position":1,"name":"Portada","item":"https:\/\/amid.org.mx\/"},{"@type":"ListItem","position":2,"name":"Foro de \u00c9tica y Cumplimiento 2021"}]},{"@type":"WebSite","@id":"https:\/\/amid.org.mx\/#website","url":"https:\/\/amid.org.mx\/","name":"AMID","description":"Somos el \u00fanico grupo que representa Dispositivos M\u00e9dicos innovadores con intereses comerciales en M\u00e9xico.","potentialAction":[{"@type":"SearchAction","target":{"@type":"EntryPoint","urlTemplate":"https:\/\/amid.org.mx\/?s={search_term_string}"},"query-input":{"@type":"PropertyValueSpecification","valueRequired":true,"valueName":"search_term_string"}}],"inLanguage":"en-US"}]}},"_links":{"self":[{"href":"https:\/\/amid.org.mx\/en\/wp-json\/wp\/v2\/pages\/5756","targetHints":{"allow":["GET"]}}],"collection":[{"href":"https:\/\/amid.org.mx\/en\/wp-json\/wp\/v2\/pages"}],"about":[{"href":"https:\/\/amid.org.mx\/en\/wp-json\/wp\/v2\/types\/page"}],"author":[{"embeddable":true,"href":"https:\/\/amid.org.mx\/en\/wp-json\/wp\/v2\/users\/1"}],"replies":[{"embeddable":true,"href":"https:\/\/amid.org.mx\/en\/wp-json\/wp\/v2\/comments?post=5756"}],"version-history":[{"count":7,"href":"https:\/\/amid.org.mx\/en\/wp-json\/wp\/v2\/pages\/5756\/revisions"}],"predecessor-version":[{"id":5770,"href":"https:\/\/amid.org.mx\/en\/wp-json\/wp\/v2\/pages\/5756\/revisions\/5770"}],"wp:attachment":[{"href":"https:\/\/amid.org.mx\/en\/wp-json\/wp\/v2\/media?parent=5756"}],"curies":[{"name":"wp","href":"https:\/\/api.w.org\/{rel}","templated":true}]}}