{"id":2360,"date":"2022-09-21T04:42:05","date_gmt":"2022-09-21T04:42:05","guid":{"rendered":"https:\/\/amid.org.mx\/?page_id=2360"},"modified":"2022-10-10T18:42:54","modified_gmt":"2022-10-10T18:42:54","slug":"foro-anual-de-etica-y-cumplimiento-amid-2022","status":"publish","type":"page","link":"https:\/\/amid.org.mx\/en\/foro-anual-de-etica-y-cumplimiento-amid-2022\/","title":{"rendered":"AMID Annual Ethics and Compliance Forum 2022"},"content":{"rendered":"<div class=\"ead-preview\"><div class=\"ead-document\" style=\"position: relative;padding-top: 90%\"><div class=\"ead-iframe-wrapper\"><iframe src=\"\/\/docs.google.com\/viewer?url=https%3A%2F%2Famid.org.mx%2Fdescargables%2FPPT_Foro_etica_y_cumplimiento_AMID_2022_-_Entrenamiento_para_Distribuidores.pdf&amp;embedded=true&amp;hl=en\" title=\"Embedded Document\" class=\"ead-iframe\" style=\"width: 100%;height: 100%;border: none;position: absolute;left: 0;top: 0;visibility: hidden;\"><\/iframe><\/div>\t\t\t<div class=\"ead-document-loading\" style=\"width:100%;height:100%;position:absolute;left:0;top:0;z-index:10\">\n\t\t\t\t<div class=\"ead-loading-wrap\">\n\t\t\t\t\t<div class=\"ead-loading-main\">\n\t\t\t\t\t\t<div class=\"ead-loading\">\n\t\t\t\t\t\t\t<img loading=\"lazy\" decoding=\"async\" src=\"https:\/\/amid.org.mx\/wp-content\/plugins\/embed-any-document\/images\/loading.svg\" width=\"55\" height=\"55\" alt=\"Loader\">\n\t\t\t\t\t\t\t<span>Loading&#8230;<\/span>\n\t\t\t\t\t\t<\/div>\n\t\t\t\t\t<\/div>\n\t\t\t\t\t<div class=\"ead-loading-foot\">\n\t\t\t\t\t\t<div class=\"ead-loading-foot-title\">\n\t\t\t\t\t\t\t<img loading=\"lazy\" decoding=\"async\" src=\"https:\/\/amid.org.mx\/wp-content\/plugins\/embed-any-document\/images\/EAD-logo.svg\" alt=\"EAD Logo\" width=\"36\" height=\"23\"\/>\n\t\t\t\t\t\t\t<span>Taking too long?<\/span>\n\t\t\t\t\t\t<\/div>\n\t\t\t\t\t\t<p>\n\t\t\t\t\t\t\t<div class=\"ead-document-btn ead-reload-btn\" role=\"button\">\n\t\t\t\t\t\t\t\t<img loading=\"lazy\" decoding=\"async\" src=\"https:\/\/amid.org.mx\/wp-content\/plugins\/embed-any-document\/images\/reload.svg\" alt=\"Reload\" width=\"12\" height=\"12\"\/> Reload document\t\t\t\t\t\t\t<\/div>\n\t\t\t\t\t\t\t<span>|<\/span>\n\t\t\t\t\t\t\t<a href=\"https:\/\/amid.org.mx\/descargables\/PPT_Foro_etica_y_cumplimiento_AMID_2022_-_Entrenamiento_para_Distribuidores.pdf\" class=\"ead-document-btn\" target=\"_blank\">\n\t\t\t\t\t\t\t\t<img loading=\"lazy\" decoding=\"async\" src=\"https:\/\/amid.org.mx\/wp-content\/plugins\/embed-any-document\/images\/open.svg\" alt=\"Open\" width=\"12\" height=\"12\"\/> Open in new tab\t\t\t\t\t\t\t<\/a>\n\t\t\t\t\t<\/div>\n\t\t\t\t<\/div>\n\t\t\t<\/div>\n\t\t<\/div><p class=\"embed_download\"><a href=\"https:\/\/amid.org.mx\/descargables\/PPT_Foro_etica_y_cumplimiento_AMID_2022_-_Entrenamiento_para_Distribuidores.pdf\" download>Download <\/a><\/p><\/div>\n\n\n<p><\/p>\n\n\n\n<figure class=\"wp-block-embed-youtube wp-block-embed is-type-video is-provider-youtube wp-embed-aspect-16-9 wp-has-aspect-ratio\"><div class=\"wp-block-embed__wrapper\">\n<iframe loading=\"lazy\" title=\"Foro Amid 2022\" width=\"1080\" height=\"608\" src=\"https:\/\/www.youtube.com\/embed\/aU79lXnlGPc?feature=oembed\"  allow=\"accelerometer; autoplay; clipboard-write; encrypted-media; gyroscope; picture-in-picture; web-share\" allowfullscreen><\/iframe>\n<\/div><\/figure>","protected":false},"excerpt":{"rendered":"","protected":false},"author":1,"featured_media":0,"parent":0,"menu_order":0,"comment_status":"closed","ping_status":"closed","template":"","meta":{"_acf_changed":false,"_et_pb_use_builder":"","_et_pb_old_content":"","_et_gb_content_width":"","footnotes":""},"class_list":["post-2360","page","type-page","status-publish","hentry"],"acf":[],"yoast_head":"<!-- This site is optimized with the Yoast SEO plugin v27.4 - https:\/\/yoast.com\/product\/yoast-seo-wordpress\/ -->\n<title>Foro anual de \u00e9tica y cumplimiento AMID 2022 - AMID<\/title>\n<meta name=\"robots\" content=\"index, follow, max-snippet:-1, max-image-preview:large, max-video-preview:-1\" \/>\n<link rel=\"canonical\" href=\"https:\/\/amid.org.mx\/en\/foro-anual-de-etica-y-cumplimiento-amid-2022\/\" \/>\n<meta property=\"og:locale\" content=\"en_US\" \/>\n<meta property=\"og:type\" content=\"article\" \/>\n<meta property=\"og:title\" content=\"Foro anual de \u00e9tica y cumplimiento AMID 2022 - AMID\" \/>\n<meta property=\"og:url\" content=\"https:\/\/amid.org.mx\/en\/foro-anual-de-etica-y-cumplimiento-amid-2022\/\" \/>\n<meta property=\"og:site_name\" content=\"AMID\" \/>\n<meta property=\"article:modified_time\" content=\"2022-10-10T18:42:54+00:00\" \/>\n<meta name=\"twitter:card\" content=\"summary_large_image\" \/>\n<script type=\"application\/ld+json\" class=\"yoast-schema-graph\">{\"@context\":\"https:\\\/\\\/schema.org\",\"@graph\":[{\"@type\":\"WebPage\",\"@id\":\"https:\\\/\\\/amid.org.mx\\\/foro-anual-de-etica-y-cumplimiento-amid-2022\\\/\",\"url\":\"https:\\\/\\\/amid.org.mx\\\/foro-anual-de-etica-y-cumplimiento-amid-2022\\\/\",\"name\":\"Foro anual de \u00e9tica y cumplimiento AMID 2022 - AMID\",\"isPartOf\":{\"@id\":\"https:\\\/\\\/amid.org.mx\\\/#website\"},\"datePublished\":\"2022-09-21T04:42:05+00:00\",\"dateModified\":\"2022-10-10T18:42:54+00:00\",\"breadcrumb\":{\"@id\":\"https:\\\/\\\/amid.org.mx\\\/foro-anual-de-etica-y-cumplimiento-amid-2022\\\/#breadcrumb\"},\"inLanguage\":\"en-US\",\"potentialAction\":[{\"@type\":\"ReadAction\",\"target\":[\"https:\\\/\\\/amid.org.mx\\\/foro-anual-de-etica-y-cumplimiento-amid-2022\\\/\"]}]},{\"@type\":\"BreadcrumbList\",\"@id\":\"https:\\\/\\\/amid.org.mx\\\/foro-anual-de-etica-y-cumplimiento-amid-2022\\\/#breadcrumb\",\"itemListElement\":[{\"@type\":\"ListItem\",\"position\":1,\"name\":\"Portada\",\"item\":\"https:\\\/\\\/amid.org.mx\\\/\"},{\"@type\":\"ListItem\",\"position\":2,\"name\":\"Foro anual de \u00e9tica y cumplimiento AMID 2022\"}]},{\"@type\":\"WebSite\",\"@id\":\"https:\\\/\\\/amid.org.mx\\\/#website\",\"url\":\"https:\\\/\\\/amid.org.mx\\\/\",\"name\":\"AMID\",\"description\":\"Somos el \u00fanico grupo que representa Dispositivos M\u00e9dicos innovadores con intereses comerciales en M\u00e9xico.\",\"potentialAction\":[{\"@type\":\"SearchAction\",\"target\":{\"@type\":\"EntryPoint\",\"urlTemplate\":\"https:\\\/\\\/amid.org.mx\\\/?s={search_term_string}\"},\"query-input\":{\"@type\":\"PropertyValueSpecification\",\"valueRequired\":true,\"valueName\":\"search_term_string\"}}],\"inLanguage\":\"en-US\"}]}<\/script>\n<!-- \/ Yoast SEO plugin. -->","yoast_head_json":{"title":"Foro anual de \u00e9tica y cumplimiento AMID 2022 - AMID","robots":{"index":"index","follow":"follow","max-snippet":"max-snippet:-1","max-image-preview":"max-image-preview:large","max-video-preview":"max-video-preview:-1"},"canonical":"https:\/\/amid.org.mx\/en\/foro-anual-de-etica-y-cumplimiento-amid-2022\/","og_locale":"en_US","og_type":"article","og_title":"Foro anual de \u00e9tica y cumplimiento AMID 2022 - AMID","og_url":"https:\/\/amid.org.mx\/en\/foro-anual-de-etica-y-cumplimiento-amid-2022\/","og_site_name":"AMID","article_modified_time":"2022-10-10T18:42:54+00:00","twitter_card":"summary_large_image","schema":{"@context":"https:\/\/schema.org","@graph":[{"@type":"WebPage","@id":"https:\/\/amid.org.mx\/foro-anual-de-etica-y-cumplimiento-amid-2022\/","url":"https:\/\/amid.org.mx\/foro-anual-de-etica-y-cumplimiento-amid-2022\/","name":"Foro anual de \u00e9tica y cumplimiento AMID 2022 - AMID","isPartOf":{"@id":"https:\/\/amid.org.mx\/#website"},"datePublished":"2022-09-21T04:42:05+00:00","dateModified":"2022-10-10T18:42:54+00:00","breadcrumb":{"@id":"https:\/\/amid.org.mx\/foro-anual-de-etica-y-cumplimiento-amid-2022\/#breadcrumb"},"inLanguage":"en-US","potentialAction":[{"@type":"ReadAction","target":["https:\/\/amid.org.mx\/foro-anual-de-etica-y-cumplimiento-amid-2022\/"]}]},{"@type":"BreadcrumbList","@id":"https:\/\/amid.org.mx\/foro-anual-de-etica-y-cumplimiento-amid-2022\/#breadcrumb","itemListElement":[{"@type":"ListItem","position":1,"name":"Portada","item":"https:\/\/amid.org.mx\/"},{"@type":"ListItem","position":2,"name":"Foro anual de \u00e9tica y cumplimiento AMID 2022"}]},{"@type":"WebSite","@id":"https:\/\/amid.org.mx\/#website","url":"https:\/\/amid.org.mx\/","name":"AMID","description":"Somos el \u00fanico grupo que representa Dispositivos M\u00e9dicos innovadores con intereses comerciales en M\u00e9xico.","potentialAction":[{"@type":"SearchAction","target":{"@type":"EntryPoint","urlTemplate":"https:\/\/amid.org.mx\/?s={search_term_string}"},"query-input":{"@type":"PropertyValueSpecification","valueRequired":true,"valueName":"search_term_string"}}],"inLanguage":"en-US"}]}},"_links":{"self":[{"href":"https:\/\/amid.org.mx\/en\/wp-json\/wp\/v2\/pages\/2360","targetHints":{"allow":["GET"]}}],"collection":[{"href":"https:\/\/amid.org.mx\/en\/wp-json\/wp\/v2\/pages"}],"about":[{"href":"https:\/\/amid.org.mx\/en\/wp-json\/wp\/v2\/types\/page"}],"author":[{"embeddable":true,"href":"https:\/\/amid.org.mx\/en\/wp-json\/wp\/v2\/users\/1"}],"replies":[{"embeddable":true,"href":"https:\/\/amid.org.mx\/en\/wp-json\/wp\/v2\/comments?post=2360"}],"version-history":[{"count":3,"href":"https:\/\/amid.org.mx\/en\/wp-json\/wp\/v2\/pages\/2360\/revisions"}],"predecessor-version":[{"id":2372,"href":"https:\/\/amid.org.mx\/en\/wp-json\/wp\/v2\/pages\/2360\/revisions\/2372"}],"wp:attachment":[{"href":"https:\/\/amid.org.mx\/en\/wp-json\/wp\/v2\/media?parent=2360"}],"curies":[{"name":"wp","href":"https:\/\/api.w.org\/{rel}","templated":true}]}}