{"id":2340,"date":"2022-09-11T04:31:46","date_gmt":"2022-09-11T04:31:46","guid":{"rendered":"https:\/\/amid.org.mx\/?page_id=2340"},"modified":"2024-04-18T11:23:46","modified_gmt":"2024-04-18T17:23:46","slug":"formato-declaracion-de-conflicto-de-interes","status":"publish","type":"page","link":"https:\/\/amid.org.mx\/en\/formato-declaracion-de-conflicto-de-interes\/","title":{"rendered":"Conflict of Interest Declaration Format"},"content":{"rendered":"<div class=\"ead-preview\"><div class=\"ead-document\" style=\"position: relative;padding-top: 90%\"><div class=\"ead-iframe-wrapper\"><iframe src=\"\/\/docs.google.com\/viewer?url=https%3A%2F%2Famid.org.mx%2Fdescargables%2FFormato_Declaracion_de_Conflicto_de_Interes.docx&amp;embedded=true&amp;hl=en\" title=\"Embedded Document\" class=\"ead-iframe\" style=\"width: 100%;height: 100%;border: none;position: absolute;left: 0;top: 0;visibility: hidden;\"><\/iframe><\/div>\t\t\t<div class=\"ead-document-loading\" style=\"width:100%;height:100%;position:absolute;left:0;top:0;z-index:10\">\n\t\t\t\t<div class=\"ead-loading-wrap\">\n\t\t\t\t\t<div class=\"ead-loading-main\">\n\t\t\t\t\t\t<div class=\"ead-loading\">\n\t\t\t\t\t\t\t<img loading=\"lazy\" decoding=\"async\" src=\"https:\/\/amid.org.mx\/wp-content\/plugins\/embed-any-document\/images\/loading.svg\" width=\"55\" height=\"55\" alt=\"Loader\">\n\t\t\t\t\t\t\t<span>Loading&#8230;<\/span>\n\t\t\t\t\t\t<\/div>\n\t\t\t\t\t<\/div>\n\t\t\t\t\t<div class=\"ead-loading-foot\">\n\t\t\t\t\t\t<div class=\"ead-loading-foot-title\">\n\t\t\t\t\t\t\t<img loading=\"lazy\" decoding=\"async\" src=\"https:\/\/amid.org.mx\/wp-content\/plugins\/embed-any-document\/images\/EAD-logo.svg\" alt=\"EAD Logo\" width=\"36\" height=\"23\"\/>\n\t\t\t\t\t\t\t<span>Taking too long?<\/span>\n\t\t\t\t\t\t<\/div>\n\t\t\t\t\t\t<p>\n\t\t\t\t\t\t\t<div class=\"ead-document-btn ead-reload-btn\" role=\"button\">\n\t\t\t\t\t\t\t\t<img loading=\"lazy\" decoding=\"async\" src=\"https:\/\/amid.org.mx\/wp-content\/plugins\/embed-any-document\/images\/reload.svg\" alt=\"Reload\" width=\"12\" height=\"12\"\/> Reload document\t\t\t\t\t\t\t<\/div>\n\t\t\t\t\t\t\t<span>|<\/span>\n\t\t\t\t\t\t\t<a href=\"https:\/\/docs.google.com\/viewer?url=https%3A%2F%2Famid.org.mx%2Fdescargables%2FFormato_Declaracion_de_Conflicto_de_Interes.docx&#038;hl=en\" class=\"ead-document-btn\" target=\"_blank\">\n\t\t\t\t\t\t\t\t<img loading=\"lazy\" decoding=\"async\" src=\"https:\/\/amid.org.mx\/wp-content\/plugins\/embed-any-document\/images\/open.svg\" alt=\"Open\" width=\"12\" height=\"12\"\/> Open in new tab\t\t\t\t\t\t\t<\/a>\n\t\t\t\t\t<\/div>\n\t\t\t\t<\/div>\n\t\t\t<\/div>\n\t\t<\/div><p class=\"embed_download\"><a href=\"https:\/\/amid.org.mx\/descargables\/Formato_Declaracion_de_Conflicto_de_Interes.docx\" download>Descargar [343.53 KB] <\/a><\/p><\/div>","protected":false},"excerpt":{"rendered":"","protected":false},"author":1,"featured_media":0,"parent":0,"menu_order":0,"comment_status":"closed","ping_status":"closed","template":"","meta":{"_acf_changed":false,"_et_pb_use_builder":"","_et_pb_old_content":"","_et_gb_content_width":"","footnotes":""},"class_list":["post-2340","page","type-page","status-publish","hentry"],"acf":[],"yoast_head":"<!-- This site is optimized with the Yoast SEO plugin v27.4 - https:\/\/yoast.com\/product\/yoast-seo-wordpress\/ -->\n<title>Formato Declaraci\u00f3n de Conflicto de Inter\u00e9s - AMID<\/title>\n<meta name=\"robots\" content=\"index, follow, max-snippet:-1, max-image-preview:large, max-video-preview:-1\" \/>\n<link rel=\"canonical\" href=\"https:\/\/amid.org.mx\/en\/formato-declaracion-de-conflicto-de-interes\/\" \/>\n<meta property=\"og:locale\" content=\"en_US\" \/>\n<meta property=\"og:type\" content=\"article\" \/>\n<meta property=\"og:title\" content=\"Formato Declaraci\u00f3n de Conflicto de Inter\u00e9s - AMID\" \/>\n<meta property=\"og:url\" content=\"https:\/\/amid.org.mx\/en\/formato-declaracion-de-conflicto-de-interes\/\" \/>\n<meta property=\"og:site_name\" content=\"AMID\" \/>\n<meta property=\"article:modified_time\" content=\"2024-04-18T17:23:46+00:00\" \/>\n<meta name=\"twitter:card\" content=\"summary_large_image\" \/>\n<meta name=\"twitter:label1\" content=\"Est. reading time\" \/>\n\t<meta name=\"twitter:data1\" content=\"1 minute\" \/>\n<script type=\"application\/ld+json\" class=\"yoast-schema-graph\">{\"@context\":\"https:\\\/\\\/schema.org\",\"@graph\":[{\"@type\":\"WebPage\",\"@id\":\"https:\\\/\\\/amid.org.mx\\\/formato-declaracion-de-conflicto-de-interes\\\/\",\"url\":\"https:\\\/\\\/amid.org.mx\\\/formato-declaracion-de-conflicto-de-interes\\\/\",\"name\":\"Formato Declaraci\u00f3n de Conflicto de Inter\u00e9s - AMID\",\"isPartOf\":{\"@id\":\"https:\\\/\\\/amid.org.mx\\\/#website\"},\"datePublished\":\"2022-09-11T04:31:46+00:00\",\"dateModified\":\"2024-04-18T17:23:46+00:00\",\"breadcrumb\":{\"@id\":\"https:\\\/\\\/amid.org.mx\\\/formato-declaracion-de-conflicto-de-interes\\\/#breadcrumb\"},\"inLanguage\":\"en-US\",\"potentialAction\":[{\"@type\":\"ReadAction\",\"target\":[\"https:\\\/\\\/amid.org.mx\\\/formato-declaracion-de-conflicto-de-interes\\\/\"]}]},{\"@type\":\"BreadcrumbList\",\"@id\":\"https:\\\/\\\/amid.org.mx\\\/formato-declaracion-de-conflicto-de-interes\\\/#breadcrumb\",\"itemListElement\":[{\"@type\":\"ListItem\",\"position\":1,\"name\":\"Portada\",\"item\":\"https:\\\/\\\/amid.org.mx\\\/\"},{\"@type\":\"ListItem\",\"position\":2,\"name\":\"Formato Declaraci\u00f3n de Conflicto de Inter\u00e9s\"}]},{\"@type\":\"WebSite\",\"@id\":\"https:\\\/\\\/amid.org.mx\\\/#website\",\"url\":\"https:\\\/\\\/amid.org.mx\\\/\",\"name\":\"AMID\",\"description\":\"Somos el \u00fanico grupo que representa Dispositivos M\u00e9dicos innovadores con intereses comerciales en M\u00e9xico.\",\"potentialAction\":[{\"@type\":\"SearchAction\",\"target\":{\"@type\":\"EntryPoint\",\"urlTemplate\":\"https:\\\/\\\/amid.org.mx\\\/?s={search_term_string}\"},\"query-input\":{\"@type\":\"PropertyValueSpecification\",\"valueRequired\":true,\"valueName\":\"search_term_string\"}}],\"inLanguage\":\"en-US\"}]}<\/script>\n<!-- \/ Yoast SEO plugin. -->","yoast_head_json":{"title":"Formato Declaraci\u00f3n de Conflicto de Inter\u00e9s - AMID","robots":{"index":"index","follow":"follow","max-snippet":"max-snippet:-1","max-image-preview":"max-image-preview:large","max-video-preview":"max-video-preview:-1"},"canonical":"https:\/\/amid.org.mx\/en\/formato-declaracion-de-conflicto-de-interes\/","og_locale":"en_US","og_type":"article","og_title":"Formato Declaraci\u00f3n de Conflicto de Inter\u00e9s - AMID","og_url":"https:\/\/amid.org.mx\/en\/formato-declaracion-de-conflicto-de-interes\/","og_site_name":"AMID","article_modified_time":"2024-04-18T17:23:46+00:00","twitter_card":"summary_large_image","twitter_misc":{"Est. reading time":"1 minute"},"schema":{"@context":"https:\/\/schema.org","@graph":[{"@type":"WebPage","@id":"https:\/\/amid.org.mx\/formato-declaracion-de-conflicto-de-interes\/","url":"https:\/\/amid.org.mx\/formato-declaracion-de-conflicto-de-interes\/","name":"Formato Declaraci\u00f3n de Conflicto de Inter\u00e9s - AMID","isPartOf":{"@id":"https:\/\/amid.org.mx\/#website"},"datePublished":"2022-09-11T04:31:46+00:00","dateModified":"2024-04-18T17:23:46+00:00","breadcrumb":{"@id":"https:\/\/amid.org.mx\/formato-declaracion-de-conflicto-de-interes\/#breadcrumb"},"inLanguage":"en-US","potentialAction":[{"@type":"ReadAction","target":["https:\/\/amid.org.mx\/formato-declaracion-de-conflicto-de-interes\/"]}]},{"@type":"BreadcrumbList","@id":"https:\/\/amid.org.mx\/formato-declaracion-de-conflicto-de-interes\/#breadcrumb","itemListElement":[{"@type":"ListItem","position":1,"name":"Portada","item":"https:\/\/amid.org.mx\/"},{"@type":"ListItem","position":2,"name":"Formato Declaraci\u00f3n de Conflicto de Inter\u00e9s"}]},{"@type":"WebSite","@id":"https:\/\/amid.org.mx\/#website","url":"https:\/\/amid.org.mx\/","name":"AMID","description":"Somos el \u00fanico grupo que representa Dispositivos M\u00e9dicos innovadores con intereses comerciales en M\u00e9xico.","potentialAction":[{"@type":"SearchAction","target":{"@type":"EntryPoint","urlTemplate":"https:\/\/amid.org.mx\/?s={search_term_string}"},"query-input":{"@type":"PropertyValueSpecification","valueRequired":true,"valueName":"search_term_string"}}],"inLanguage":"en-US"}]}},"_links":{"self":[{"href":"https:\/\/amid.org.mx\/en\/wp-json\/wp\/v2\/pages\/2340","targetHints":{"allow":["GET"]}}],"collection":[{"href":"https:\/\/amid.org.mx\/en\/wp-json\/wp\/v2\/pages"}],"about":[{"href":"https:\/\/amid.org.mx\/en\/wp-json\/wp\/v2\/types\/page"}],"author":[{"embeddable":true,"href":"https:\/\/amid.org.mx\/en\/wp-json\/wp\/v2\/users\/1"}],"replies":[{"embeddable":true,"href":"https:\/\/amid.org.mx\/en\/wp-json\/wp\/v2\/comments?post=2340"}],"version-history":[{"count":2,"href":"https:\/\/amid.org.mx\/en\/wp-json\/wp\/v2\/pages\/2340\/revisions"}],"predecessor-version":[{"id":6118,"href":"https:\/\/amid.org.mx\/en\/wp-json\/wp\/v2\/pages\/2340\/revisions\/6118"}],"wp:attachment":[{"href":"https:\/\/amid.org.mx\/en\/wp-json\/wp\/v2\/media?parent=2340"}],"curies":[{"name":"wp","href":"https:\/\/api.w.org\/{rel}","templated":true}]}}